{"id":25,"date":"2014-07-22T19:32:24","date_gmt":"2014-07-22T19:32:24","guid":{"rendered":"https:\/\/slotracing-bamberg.de\/?page_id=25"},"modified":"2014-10-28T10:34:04","modified_gmt":"2014-10-28T09:34:04","slug":"rennserien","status":"publish","type":"page","link":"https:\/\/slotracing-bamberg.de\/?page_id=25","title":{"rendered":"Rennserien"},"content":{"rendered":"<p>Unser Verein versucht, allen Facetten des Slotracing gerecht zu werden, sowohl im Ma\u00dfstab 1\/32 als auch in 1\/24. Neben den etablierten, lang gepflegten Rennserien wollen wir auch weniger verbreitete Rennserien erm\u00f6glichen, wenn sich nur ein kleines H\u00e4ufchen Enthusiasten findet. Von den Prototypen und Rennsportwagen der 50er \u00fcber die Zigarren der 60er Jahre bis hin zu den aktuellen GT-Fahrzeugen ist f\u00fcr jeden Geschmack etwas dabei. F\u00fcr neue Rennserien und ausgefallene Ideen sind wir immer offen.<\/p>\n<p>F\u00fcr den Bamberg Grand Prix, eine schon weit vor der Vereinsgr\u00fcndung von Alex und Chris ins Leben gerufene Rennserie, und den Slot.it-Cup ist der Mittwoch reserviert. Montags findet die Scaleauto Masters Bamberg statt. Die vereinsinternen Rennen werden vorwiegend am Freitag stattfinden sowie mit den Gast-Rennserien am Wochenende.<\/p>\n<p>Ma\u00dfstab 1\/32:<\/p>\n<p>Slot.it-Cup, Gruppe C und Classic<\/p>\n<p>Einzelrennen der Scale Classic Serie (Ninco DTM, GT1, LM und Formel; Fly und\u00a0 Slot.it, Classic und Gruppe C)<\/p>\n<p>to be continued &#8230;<\/p>\n<p>&nbsp;<\/p>\n<p>Ma\u00dfstab 1\/24:<\/p>\n<p>Scaleauto Masters Bamberg<\/p>\n<p>GT\/Tourenwagen<\/p>\n<p>Grand Prix\/Formula Bamberg 60er Jahre<\/p>\n<p>to be continued &#8230;<\/p>\n<p>&nbsp;<\/p>\n<p>&nbsp;<\/p>\n<p><a title=\"Zwerge 1\/24\" href=\"https:\/\/slotracing-bamberg.de\/?page_id=256\">mehr Information&#8230;<\/a><\/p>\n","protected":false},"excerpt":{"rendered":"<p>Unser Verein versucht, allen Facetten des Slotracing gerecht zu werden, sowohl im Ma\u00dfstab 1\/32 als auch in 1\/24. Neben den etablierten, lang gepflegten Rennserien wollen wir auch weniger verbreitete Rennserien<\/p>\n<p><a href=\"https:\/\/slotracing-bamberg.de\/?page_id=25\" class=\"more-link themebutton\">Read More<\/a><\/p>\n","protected":false},"author":1,"featured_media":0,"parent":0,"menu_order":0,"comment_status":"open","ping_status":"closed","template":"","meta":{"footnotes":""},"class_list":["post-25","page","type-page","status-publish","hentry"],"_links":{"self":[{"href":"https:\/\/slotracing-bamberg.de\/index.php?rest_route=\/wp\/v2\/pages\/25","targetHints":{"allow":["GET"]}}],"collection":[{"href":"https:\/\/slotracing-bamberg.de\/index.php?rest_route=\/wp\/v2\/pages"}],"about":[{"href":"https:\/\/slotracing-bamberg.de\/index.php?rest_route=\/wp\/v2\/types\/page"}],"author":[{"embeddable":true,"href":"https:\/\/slotracing-bamberg.de\/index.php?rest_route=\/wp\/v2\/users\/1"}],"replies":[{"embeddable":true,"href":"https:\/\/slotracing-bamberg.de\/index.php?rest_route=%2Fwp%2Fv2%2Fcomments&post=25"}],"version-history":[{"count":25,"href":"https:\/\/slotracing-bamberg.de\/index.php?rest_route=\/wp\/v2\/pages\/25\/revisions"}],"predecessor-version":[{"id":539,"href":"https:\/\/slotracing-bamberg.de\/index.php?rest_route=\/wp\/v2\/pages\/25\/revisions\/539"}],"wp:attachment":[{"href":"https:\/\/slotracing-bamberg.de\/index.php?rest_route=%2Fwp%2Fv2%2Fmedia&parent=25"}],"curies":[{"name":"wp","href":"https:\/\/api.w.org\/{rel}","templated":true}]}}