{"id":22,"date":"2014-07-22T19:31:06","date_gmt":"2014-07-22T19:31:06","guid":{"rendered":"https:\/\/slotracing-bamberg.de\/?page_id=22"},"modified":"2024-12-09T21:54:36","modified_gmt":"2024-12-09T20:54:36","slug":"carrerabahn","status":"publish","type":"page","link":"https:\/\/slotracing-bamberg.de\/?page_id=22","title":{"rendered":"Die Bahn"},"content":{"rendered":"<p>Schienen:\u00a0\u00a0\u00a0\u00a0\u00a0\u00a0\u00a0\u00a0 \u00a0 \u00a0 \u00a0 \u00a0 \u00a0 \u00a0 \u00a0 Carrera 124 Evolution\/Exclusiv<\/p>\n<p>Streckenl\u00e4nge:\u00a0\u00a0\u00a0\u00a0\u00a0\u00a0\u00a0\u00a0\u00a0\u00a0 \u00a0\u00a0 41 Meter auf allen 4 Spuren<\/p>\n<p>Haupt-Laufrichtung: \u00a0 im Uhrzeigersinn, umschaltbar<\/p>\n<p>Zeitnahme:\u00a0\u00a0\u00a0\u00a0\u00a0\u00a0\u00a0\u00a0\u00a0\u00a0\u00a0\u00a0\u00a0\u00a0\u00a0\u00a0\u00a0\u00a0\u00a0 Bepfe mit DS-Lichtschranke<\/p>\n<p>Stromversorgung:\u00a0\u00a0\u00a0\u00a0\u00a0\u00a0\u00a0 4 Labornetzteile 8-20V, 10 Einspeisungen<\/p>\n<p><a href=\"https:\/\/slotracing-bamberg.de\/wp-content\/uploads\/2014\/07\/Bahnlayout1.jpg\"><img loading=\"lazy\" decoding=\"async\" class=\"alignnone wp-image-392\" src=\"https:\/\/slotracing-bamberg.de\/wp-content\/uploads\/2014\/07\/Bahnlayout1-300x276.jpg\" alt=\"Bahnlayout\" width=\"600\" height=\"552\" srcset=\"https:\/\/slotracing-bamberg.de\/wp-content\/uploads\/2014\/07\/Bahnlayout1-300x276.jpg 300w, https:\/\/slotracing-bamberg.de\/wp-content\/uploads\/2014\/07\/Bahnlayout1-1024x944.jpg 1024w\" sizes=\"auto, (max-width: 600px) 100vw, 600px\" \/><\/a><\/p>\n<p>Weitere Ausstattung:\u00a0\u00a0 Bahnstromabschaltung, \u00dcberbr\u00fcckung, Chaostaster, Regleranschluss mit deutscher Belegung.<\/p>\n<p>Neben der 6,7 m langen Start-Ziel-Gerade gibt es noch zwei weitere 4,34 m und 3,5 m lange Zwischengeraden, was den Kurs sehr schnell macht. Das Durchfahren ist schnell zu erlernen, dennoch stellen schlie\u00dfende und \u00f6ffnende Kurvenkombinationen hohe Anspr\u00fcche an die Fahrer. Besonderes Gef\u00fchl ist in den wenigen schnellen Lastwechseln gefragt.<\/p>\n<p><a href=\"https:\/\/slotracing-bamberg.de\/wp-content\/uploads\/2014\/07\/Bahn.jpg\"><img loading=\"lazy\" decoding=\"async\" class=\"alignnone wp-image-400\" src=\"https:\/\/slotracing-bamberg.de\/wp-content\/uploads\/2014\/07\/Bahn-300x199.jpg\" alt=\"Bahn\" width=\"600\" height=\"398\" srcset=\"https:\/\/slotracing-bamberg.de\/wp-content\/uploads\/2014\/07\/Bahn-300x199.jpg 300w, https:\/\/slotracing-bamberg.de\/wp-content\/uploads\/2014\/07\/Bahn-1024x680.jpg 1024w, https:\/\/slotracing-bamberg.de\/wp-content\/uploads\/2014\/07\/Bahn-320x213.jpg 320w, https:\/\/slotracing-bamberg.de\/wp-content\/uploads\/2014\/07\/Bahn-240x160.jpg 240w\" sizes=\"auto, (max-width: 600px) 100vw, 600px\" \/><\/a><\/p>\n<p>Von den ger\u00e4umigen Fahrerpl\u00e4tzen ist jeder Punkt der Strecke und der zentral platzierte Zeitnahmemonitor einsehbar. Die Bahnausleuchtung erfolgt \u00fcber 6 direkt \u00fcber der Bahn h\u00e4ngenden Tageslichtlampen.<\/p>\n<p>\u00a0<\/p>\n<p>Die Zeitmessung erfolgt zuverl\u00e4ssig mit Bepfe und DS-Lichtschranke. Jeweils ein eigenes Labornetzger\u00e4t f\u00fcr jede Spur, eine Ringleitung mit zahlreichen Zusatzeinspeisungen unter dem Tisch und in den Leitern eingezogener Draht sorgen f\u00fcr eine tadellose Stromversorgung.<\/p>\n<p>Der in die Ausgestaltung integrierte Park ferm\u00e9 bietet Platz f\u00fcr 80 Fahrzeuge.<\/p>\n<p><img loading=\"lazy\" decoding=\"async\" class=\"alignnone  wp-image-2061\" src=\"https:\/\/slotracing-bamberg.de\/wp-content\/uploads\/2024\/12\/parc-ferme-225x300.png\" alt=\"\" width=\"602\" height=\"802\" srcset=\"https:\/\/slotracing-bamberg.de\/wp-content\/uploads\/2024\/12\/parc-ferme-225x300.png 225w, https:\/\/slotracing-bamberg.de\/wp-content\/uploads\/2024\/12\/parc-ferme-768x1024.png 768w, https:\/\/slotracing-bamberg.de\/wp-content\/uploads\/2024\/12\/parc-ferme-1152x1536.png 1152w, https:\/\/slotracing-bamberg.de\/wp-content\/uploads\/2024\/12\/parc-ferme.png 1200w\" sizes=\"auto, (max-width: 602px) 100vw, 602px\" \/><\/p>\n<p>Ein abgetrennter, \u00fcber zwei breite Zug\u00e4nge erreichbarer Raum bietet gen\u00fcgend Platz f\u00fcr Schrauberpl\u00e4tze und Bewirtung.<\/p>\n<p><a href=\"https:\/\/slotracing-bamberg.de\/wp-content\/uploads\/2015\/04\/SRB_Schrauberplaetze.jpg\"><img loading=\"lazy\" decoding=\"async\" class=\"alignnone wp-image-649\" src=\"https:\/\/slotracing-bamberg.de\/wp-content\/uploads\/2015\/04\/SRB_Schrauberplaetze-300x254.jpg\" alt=\"SRB_Schrauberplaetze\" width=\"600\" height=\"508\" \/><\/a><\/p>\n<p><a href=\"https:\/\/slotracing-bamberg.de\/wp-content\/uploads\/2014\/07\/Zielgerade.jpg\"><img loading=\"lazy\" decoding=\"async\" class=\"alignnone wp-image-388\" src=\"https:\/\/slotracing-bamberg.de\/wp-content\/uploads\/2014\/07\/Zielgerade-300x201.jpg\" alt=\"Zielgerade\" width=\"600\" height=\"402\" srcset=\"https:\/\/slotracing-bamberg.de\/wp-content\/uploads\/2014\/07\/Zielgerade-300x201.jpg 300w, https:\/\/slotracing-bamberg.de\/wp-content\/uploads\/2014\/07\/Zielgerade-320x213.jpg 320w, https:\/\/slotracing-bamberg.de\/wp-content\/uploads\/2014\/07\/Zielgerade-240x160.jpg 240w, https:\/\/slotracing-bamberg.de\/wp-content\/uploads\/2014\/07\/Zielgerade.jpg 927w\" sizes=\"auto, (max-width: 600px) 100vw, 600px\" \/><\/a><\/p>\n\n\n<p><\/p>\n","protected":false},"excerpt":{"rendered":"<p>Schienen:\u00a0\u00a0\u00a0\u00a0\u00a0\u00a0\u00a0\u00a0 \u00a0 \u00a0 \u00a0 \u00a0 \u00a0 \u00a0 \u00a0 Carrera 124 Evolution\/Exclusiv Streckenl\u00e4nge:\u00a0\u00a0\u00a0\u00a0\u00a0\u00a0\u00a0\u00a0\u00a0\u00a0 \u00a0\u00a0 41 Meter auf allen 4 Spuren Haupt-Laufrichtung: \u00a0 im Uhrzeigersinn, umschaltbar Zeitnahme:\u00a0\u00a0\u00a0\u00a0\u00a0\u00a0\u00a0\u00a0\u00a0\u00a0\u00a0\u00a0\u00a0\u00a0\u00a0\u00a0\u00a0\u00a0\u00a0 Bepfe mit DS-Lichtschranke Stromversorgung:\u00a0\u00a0\u00a0\u00a0\u00a0\u00a0\u00a0 4<\/p>\n<p><a href=\"https:\/\/slotracing-bamberg.de\/?page_id=22\" class=\"more-link themebutton\">Read More<\/a><\/p>\n","protected":false},"author":1,"featured_media":0,"parent":0,"menu_order":0,"comment_status":"closed","ping_status":"closed","template":"","meta":{"footnotes":""},"class_list":["post-22","page","type-page","status-publish","hentry"],"_links":{"self":[{"href":"https:\/\/slotracing-bamberg.de\/index.php?rest_route=\/wp\/v2\/pages\/22","targetHints":{"allow":["GET"]}}],"collection":[{"href":"https:\/\/slotracing-bamberg.de\/index.php?rest_route=\/wp\/v2\/pages"}],"about":[{"href":"https:\/\/slotracing-bamberg.de\/index.php?rest_route=\/wp\/v2\/types\/page"}],"author":[{"embeddable":true,"href":"https:\/\/slotracing-bamberg.de\/index.php?rest_route=\/wp\/v2\/users\/1"}],"replies":[{"embeddable":true,"href":"https:\/\/slotracing-bamberg.de\/index.php?rest_route=%2Fwp%2Fv2%2Fcomments&post=22"}],"version-history":[{"count":29,"href":"https:\/\/slotracing-bamberg.de\/index.php?rest_route=\/wp\/v2\/pages\/22\/revisions"}],"predecessor-version":[{"id":2063,"href":"https:\/\/slotracing-bamberg.de\/index.php?rest_route=\/wp\/v2\/pages\/22\/revisions\/2063"}],"wp:attachment":[{"href":"https:\/\/slotracing-bamberg.de\/index.php?rest_route=%2Fwp%2Fv2%2Fmedia&parent=22"}],"curies":[{"name":"wp","href":"https:\/\/api.w.org\/{rel}","templated":true}]}}