{"id":2,"date":"2014-06-25T16:01:31","date_gmt":"2014-06-25T16:01:31","guid":{"rendered":"https:\/\/slotracing-bamberg.de\/?page_id=2"},"modified":"2015-04-24T10:22:44","modified_gmt":"2015-04-24T08:22:44","slug":"sample-page","status":"publish","type":"page","link":"https:\/\/slotracing-bamberg.de\/","title":{"rendered":"Startseite"},"content":{"rendered":"<h2 style=\"font-size: 25px; color: black; font-weight: normal;\">Willkommen beim Slotracing Bamberg!<\/h2>\n<p>Wer kennt sie nicht aus seiner Kindheit &#8230; ob als stolzer Besitzer oder aus den vorweihnachtlichen Schaufenstern der Spielzeuggesch\u00e4fte? Die gute alte Carrera-Bahn \u2026 oder M\u00e4rklin \u2026 oder Fleischmann \u2026 Seit den Anf\u00e4ngen des Slot-Racings in den 1960er-Jahren hat sich nat\u00fcrlich einiges getan. Mittlerweile gibt es zahlreiche Hersteller von Bahnen, Fahrzeugen und Zubeh\u00f6r.<\/p>\n<p>\nStatt sich die Nase am Fenster platt zu dr\u00fccken, kommt einfach rein! \u2026 Unser Haufen freut sich \u00fcber jeden, der sich vom Slot-Virus hat infizieren lassen!<\/p>\n","protected":false},"excerpt":{"rendered":"<p>Willkommen beim Slotracing Bamberg! Wer kennt sie nicht aus seiner Kindheit &#8230; ob als stolzer Besitzer oder aus den vorweihnachtlichen Schaufenstern der Spielzeuggesch\u00e4fte? Die gute alte Carrera-Bahn \u2026 oder M\u00e4rklin<\/p>\n<p><a href=\"https:\/\/slotracing-bamberg.de\/\" class=\"more-link themebutton\">Read More<\/a><\/p>\n","protected":false},"author":1,"featured_media":0,"parent":0,"menu_order":0,"comment_status":"open","ping_status":"open","template":"","meta":{"footnotes":""},"class_list":["post-2","page","type-page","status-publish","hentry"],"_links":{"self":[{"href":"https:\/\/slotracing-bamberg.de\/index.php?rest_route=\/wp\/v2\/pages\/2","targetHints":{"allow":["GET"]}}],"collection":[{"href":"https:\/\/slotracing-bamberg.de\/index.php?rest_route=\/wp\/v2\/pages"}],"about":[{"href":"https:\/\/slotracing-bamberg.de\/index.php?rest_route=\/wp\/v2\/types\/page"}],"author":[{"embeddable":true,"href":"https:\/\/slotracing-bamberg.de\/index.php?rest_route=\/wp\/v2\/users\/1"}],"replies":[{"embeddable":true,"href":"https:\/\/slotracing-bamberg.de\/index.php?rest_route=%2Fwp%2Fv2%2Fcomments&post=2"}],"version-history":[{"count":47,"href":"https:\/\/slotracing-bamberg.de\/index.php?rest_route=\/wp\/v2\/pages\/2\/revisions"}],"predecessor-version":[{"id":666,"href":"https:\/\/slotracing-bamberg.de\/index.php?rest_route=\/wp\/v2\/pages\/2\/revisions\/666"}],"wp:attachment":[{"href":"https:\/\/slotracing-bamberg.de\/index.php?rest_route=%2Fwp%2Fv2%2Fmedia&parent=2"}],"curies":[{"name":"wp","href":"https:\/\/api.w.org\/{rel}","templated":true}]}}